{"id":57526,"date":"2026-03-18T13:01:39","date_gmt":"2026-03-18T13:01:39","guid":{"rendered":"https:\/\/platinumdentcare.com\/kwaliteit-en-garantie\/"},"modified":"2026-03-18T13:07:26","modified_gmt":"2026-03-18T13:07:26","slug":"qualite-et-garantie","status":"publish","type":"page","link":"https:\/\/platinumdentcare.com\/fr\/qualite-et-garantie\/","title":{"rendered":"Qualit\u00e9 et Garantie"},"content":{"rendered":"\t\t<div data-elementor-type=\"wp-page\" data-elementor-id=\"57526\" class=\"elementor elementor-57526\">\n\t\t\t\t<div class=\"elementor-element elementor-element-9d1a16a e-con-full e-flex e-con e-parent\" data-id=\"9d1a16a\" data-element_type=\"container\" data-e-type=\"container\" data-settings=\"{&quot;background_background&quot;:&quot;classic&quot;}\">\n\t\t<div class=\"elementor-element elementor-element-bc2c7b6 e-con-full e-flex e-con e-child\" data-id=\"bc2c7b6\" data-element_type=\"container\" data-e-type=\"container\">\n\t\t\t\t<\/div>\n\t\t\t\t<\/div>\n\t\t<div class=\"elementor-element elementor-element-206586b e-flex e-con-boxed e-con e-parent\" data-id=\"206586b\" data-element_type=\"container\" data-e-type=\"container\" data-settings=\"{&quot;background_background&quot;:&quot;classic&quot;}\">\n\t\t\t\t\t<div class=\"e-con-inner\">\n\t\t<div class=\"elementor-element elementor-element-2b88613 e-con-full e-flex e-con e-child\" data-id=\"2b88613\" data-element_type=\"container\" data-e-type=\"container\" data-settings=\"{&quot;background_background&quot;:&quot;classic&quot;}\">\n\t\t<div class=\"elementor-element elementor-element-dfbf16c e-con-full e-flex e-con e-child\" data-id=\"dfbf16c\" data-element_type=\"container\" data-e-type=\"container\">\n\t\t\t\t<div data-custom-animations=\"true\" data-ca-options=\"{&quot;addChildTimelines&quot;:false,&quot;trigger&quot;:&quot;firstChild&quot;,&quot;animationTarget&quot;:&quot;.lqd-split-lines .lqd-lines .split-inner, .lqd-adv-txt-fig&quot;,&quot;ease&quot;:[&quot;power4.out&quot;],&quot;initValues&quot;:{&quot;x&quot;:&quot;-20px&quot;,&quot;opacity&quot;:0,&quot;transformOrigin&quot;:&quot;50% 50% 0px&quot;},&quot;animations&quot;:{&quot;x&quot;:&quot;0px&quot;,&quot;opacity&quot;:1,&quot;transformOrigin&quot;:&quot;50% 50% 0px&quot;}}\" class=\"elementor-element elementor-element-3bb036c elementor-widget elementor-widget-hub_fancy_heading lqd-el-has-inner-anim\" data-id=\"3bb036c\" data-element_type=\"widget\" data-e-type=\"widget\" data-settings=\"{&quot;enable_split&quot;:&quot;true&quot;,&quot;split_type&quot;:&quot;lines&quot;}\" data-widget_type=\"hub_fancy_heading.default\">\n\t\t\t\t<div class=\"elementor-widget-container\">\n\t\t\t\t\t\n\t\t<div id=\"ld-fancy-heading-69fcd414ac40b\" class=\"ld-fancy-heading pos-rel\">\n\t\t\t<h2 class=\"ld-fh-element d-inline-block pos-rel  elementor-heading-title lqd-highlight-classic lqd-highlight-grow-left lqd-split-lines h2\"  data-split-text=\"true\" data-split-options='{\"type\":\"lines\"}'> Qualit\u00e9 et Garantie<\/h2>\t\t<\/div>\n\n\t\t\t\t\t\t<\/div>\n\t\t\t\t<\/div>\n\t\t\t\t<div class=\"elementor-element elementor-element-a63cf03 elementor-widget elementor-widget-hub_fancy_heading lqd-el-has-inner-anim\" data-id=\"a63cf03\" data-element_type=\"widget\" data-e-type=\"widget\" data-settings=\"{&quot;enable_split&quot;:&quot;true&quot;,&quot;split_type&quot;:&quot;lines&quot;}\" data-widget_type=\"hub_fancy_heading.default\">\n\t\t\t\t<div class=\"elementor-widget-container\">\n\t\t\t\t\t\n\t\t<div id=\"ld-fancy-heading-69fcd414ac733\" class=\"ld-fancy-heading pos-rel\">\n\t\t\t<p class=\"ld-fh-element d-inline-block pos-rel  lqd-highlight-classic lqd-highlight-grow-left lqd-split-lines p\"  data-split-text=\"true\" data-split-options='{\"type\":\"lines\"}'> <p><b>Notre Ambition : Des Soins Durables et de Haute Qualit\u00e9<\/b><br>\nChez <b>Platinum Dental Care<\/b>, votre sourire et votre sant\u00e9 bucco-dentaire sont au c\u0153ur de nos priorit\u00e9s. Notre ambition est de fournir des soins dentaires durables au plus haut niveau. Pour y parvenir, nous appliquons une politique de qualit\u00e9 stricte o\u00f9 chaque traitement est soigneusement suivi et garanti selon les normes m\u00e9dicales les plus modernes.<\/p>\n\n<p><b>Expertise et Professionnalisme<\/b><br>\nNotre cabinet est un environnement moderne et enti\u00e8rement accessible, r\u00e9pondant \u00e0 toutes les normes dentaires actuelles. \n<ul>\n  <li>Nos dentistes sont hautement qualifi\u00e9s, exp\u00e9riment\u00e9s et inscrits au <b>Registre de Qualit\u00e9 des Dentistes (KRT)<\/b>.<\/li>\n  <li>Gr\u00e2ce \u00e0 une formation continue et des cours sp\u00e9cialis\u00e9s, l'expertise de notre \u00e9quipe reste toujours \u00e0 la pointe.<\/li>\n  <li>Nous poss\u00e9dons tous les certificats requis pour l'<b>Expertise en Radioprotection (5A\/M)<\/b> et le diagnostic par <b>Cone Beam CT (CBCT)<\/b>.<\/li>\n  <li>Tous nos dentistes sont <b>enregistr\u00e9s au BIG<\/b> et ma\u00eetrisent parfaitement la langue n\u00e9erlandaise.<\/li>\n  <li>Nos assistants sont form\u00e9s professionnellement et suivent r\u00e9guli\u00e8rement des formations compl\u00e9mentaires pour vous offrir le meilleur soutien.<\/li>\n<\/ul>\n<\/p>\n\n<p><b>Propre Laboratoire : Rapidit\u00e9 et Perfection<\/b><br>\nL'une des particularit\u00e9s de Platinum Dental Care est notre laboratoire dentaire interne. Cela nous permet de fabriquer des couronnes, des ponts et des proth\u00e8ses directement et enti\u00e8rement sur mesure. Il en r\u00e9sulte des <b>d\u00e9lais d'attente plus courts<\/b> et une finition sup\u00e9rieure. Les ajustements \u00e9ventuels peuvent souvent \u00eatre effectu\u00e9s imm\u00e9diatement, vous offrant ainsi un maximum d'efficacit\u00e9 et de qualit\u00e9.<\/p>\n\n<p><b>\u00c9quipements Innovants et Gestion \u00c9coresponsable<\/b><br>\nNous utilisons exclusivement des \u00e9quipements et des mat\u00e9riaux conformes aux normes de qualit\u00e9 europ\u00e9ennes les plus strictes.\n<ul>\n  <li>Tous nos \u00e9quipements subissent des inspections techniques annuelles.<\/li>\n  <li>Nous travaillons de mani\u00e8re respectueuse de l'environnement avec des flux de d\u00e9chets s\u00e9par\u00e9s, des filtres \u00e0 amalgame et l'utilisation de <b>panneaux solaires<\/b> pour r\u00e9duire notre empreinte \u00e9cologique.<\/li>\n  <li>Notre cabinet dispose de salles de st\u00e9rilisation avanc\u00e9es avec des autoclaves modernes, des thermod\u00e9sinfecteurs Miele et un <b>syst\u00e8me DAC<\/b> pour le nettoyage approfondi de nos turbines.<\/li>\n  <li>La qualit\u00e9 de l'eau dans nos fauteuils de soins est contr\u00f4l\u00e9e p\u00e9riodiquement de mani\u00e8re ind\u00e9pendante pour garantir l'absence de substances nocives.<\/li>\n<\/ul>\n<\/p>\n\n<p><b>Dispositions de Garantie<\/b><br>\nNous sommes convaincus de la qualit\u00e9 que nous offrons. C'est pourquoi Platinum Dental Care propose des garanties \u00e9tendues sur nos travaux :\n<ul>\n  <li><b>3 ans de garantie<\/b> sur les reconstructions dentaires telles que les couronnes en porcelaine, les ponts, les proth\u00e8ses et les implants r\u00e9alis\u00e9s dans notre cabinet.<\/li>\n  <li><b>10 ans de garantie<\/b> de la part du fabricant sur les mat\u00e9riaux d'implant utilis\u00e9s.<\/li>\n<\/ul>\n<\/p>\n\n<p><b>Conditions de Garantie :<\/b><br>\nPour garantir la qualit\u00e9 \u00e0 long terme, les conditions suivantes s'appliquent pour b\u00e9n\u00e9ficier de la garantie :\n<ul>\n  <li>Vous entretenez votre dentition avec pr\u00e9cision selon les conseils de nos praticiens.<\/li>\n  <li>Vous visitez notre cabinet au moins <b>tous les 6 mois<\/b> pour les examens pr\u00e9ventifs p\u00e9riodiques (PME).<\/li>\n  <li>La garantie s'applique exclusivement aux traitements effectu\u00e9s au sein de notre cabinet ; les modifications par des tiers annulent la garantie.<\/li>\n<\/ul>\n<\/p>\n\n<p><i>Chez Platinum Dental Care, nous investissons dans l'avenir de vos dents, afin que vous puissiez continuer \u00e0 sourire en toute s\u00e9r\u00e9nit\u00e9.<\/i><\/p><\/p>\t\t<\/div>\n\n\t\t\t\t\t\t<\/div>\n\t\t\t\t<\/div>\n\t\t\t\t<div class=\"elementor-element elementor-element-622345f elementor-tablet-align-center elementor-widget elementor-widget-ld_button\" data-id=\"622345f\" data-element_type=\"widget\" data-e-type=\"widget\" data-widget_type=\"ld_button.default\">\n\t\t\t\t<div class=\"elementor-widget-container\">\n\t\t\t\t\t\n\t\t\t<a\n\t\t\t\thref=\"https:\/\/platinumdentcare.com\/fr\/procedure-de-reclamation\/\" target=\"_blank\"class=\"elementor-button btn btn-solid btn-lg btn-icon-shaped btn-has-label\"\t\t\t>\n\t\t\t\t\t\t\t\t\t<span data-text=\"Obtenir plus d&#039;informations\" class=\"btn-txt\">\n\t\t\t\t\t\tObtenir plus d'informations\t\t\t\t\t<\/span>\n\t\t\t\t\t\t\t\t\t\t\t<\/a>\n\t\t\t\t\t\t\t<\/div>\n\t\t\t\t<\/div>\n\t\t\t\t<div class=\"elementor-element elementor-element-9fa6d6f elementor-widget elementor-widget-image\" data-id=\"9fa6d6f\" data-element_type=\"widget\" data-e-type=\"widget\" data-widget_type=\"image.default\">\n\t\t\t\t<div class=\"elementor-widget-container\">\n\t\t\t\t\t\t\t\t\t\t\t\t\t\t\t<img decoding=\"async\" width=\"600\" height=\"67\" src=\"https:\/\/platinumdentcare.com\/wp-content\/uploads\/2026\/03\/klachtenportaal.jpeg\" class=\"attachment-large size-large wp-image-57469\" alt=\"\" srcset=\"https:\/\/platinumdentcare.com\/wp-content\/uploads\/2026\/03\/klachtenportaal.jpeg 600w, https:\/\/platinumdentcare.com\/wp-content\/uploads\/2026\/03\/klachtenportaal-300x34.jpeg 300w\" sizes=\"(max-width: 600px) 100vw, 600px\" \/>\t\t\t\t\t\t\t\t\t\t\t\t\t\t\t<\/div>\n\t\t\t\t<\/div>\n\t\t\t\t<\/div>\n\t\t\t\t<\/div>\n\t\t\t\t\t<\/div>\n\t\t\t\t<\/div>\n\t\t\t\t<\/div>\n\t\t","protected":false},"excerpt":{"rendered":"<p>Qualit\u00e9 et Garantie Notre Ambition : Des Soins Durables et de Haute Qualit\u00e9 Chez Platinum Dental Care, votre sourire et votre sant\u00e9 bucco-dentaire sont au c\u0153ur de nos priorit\u00e9s. Notre ambition est de fournir des soins dentaires durables au plus haut niveau. Pour y parvenir, nous appliquons une politique de qualit\u00e9 stricte o\u00f9 chaque traitement [&hellip;]<\/p>\n","protected":false},"author":2,"featured_media":0,"parent":0,"menu_order":0,"comment_status":"closed","ping_status":"closed","template":"","meta":{"footnotes":""},"class_list":["post-57526","page","type-page","status-publish","hentry"],"_links":{"self":[{"href":"https:\/\/platinumdentcare.com\/fr\/wp-json\/wp\/v2\/pages\/57526","targetHints":{"allow":["GET"]}}],"collection":[{"href":"https:\/\/platinumdentcare.com\/fr\/wp-json\/wp\/v2\/pages"}],"about":[{"href":"https:\/\/platinumdentcare.com\/fr\/wp-json\/wp\/v2\/types\/page"}],"author":[{"embeddable":true,"href":"https:\/\/platinumdentcare.com\/fr\/wp-json\/wp\/v2\/users\/2"}],"replies":[{"embeddable":true,"href":"https:\/\/platinumdentcare.com\/fr\/wp-json\/wp\/v2\/comments?post=57526"}],"version-history":[{"count":7,"href":"https:\/\/platinumdentcare.com\/fr\/wp-json\/wp\/v2\/pages\/57526\/revisions"}],"predecessor-version":[{"id":57539,"href":"https:\/\/platinumdentcare.com\/fr\/wp-json\/wp\/v2\/pages\/57526\/revisions\/57539"}],"wp:attachment":[{"href":"https:\/\/platinumdentcare.com\/fr\/wp-json\/wp\/v2\/media?parent=57526"}],"curies":[{"name":"wp","href":"https:\/\/api.w.org\/{rel}","templated":true}]}}