{"id":57479,"date":"2026-03-17T03:31:13","date_gmt":"2026-03-17T03:31:13","guid":{"rendered":"https:\/\/platinumdentcare.com\/klachtenregeling\/"},"modified":"2026-03-18T12:57:59","modified_gmt":"2026-03-18T12:57:59","slug":"procedure-de-reclamation","status":"publish","type":"page","link":"https:\/\/platinumdentcare.com\/fr\/procedure-de-reclamation\/","title":{"rendered":"Proc\u00e9dure de r\u00e9clamation"},"content":{"rendered":"\t\t<div data-elementor-type=\"wp-page\" data-elementor-id=\"57479\" class=\"elementor elementor-57479\">\n\t\t\t\t<div class=\"elementor-element elementor-element-9d1a16a e-con-full e-flex e-con e-parent\" data-id=\"9d1a16a\" data-element_type=\"container\" data-e-type=\"container\" data-settings=\"{&quot;background_background&quot;:&quot;classic&quot;}\">\n\t\t<div class=\"elementor-element elementor-element-bc2c7b6 e-con-full e-flex e-con e-child\" data-id=\"bc2c7b6\" data-element_type=\"container\" data-e-type=\"container\">\n\t\t\t\t<\/div>\n\t\t\t\t<\/div>\n\t\t<div class=\"elementor-element elementor-element-206586b e-flex e-con-boxed e-con e-parent\" data-id=\"206586b\" data-element_type=\"container\" data-e-type=\"container\" data-settings=\"{&quot;background_background&quot;:&quot;classic&quot;}\">\n\t\t\t\t\t<div class=\"e-con-inner\">\n\t\t<div class=\"elementor-element elementor-element-2b88613 e-con-full e-flex e-con e-child\" data-id=\"2b88613\" data-element_type=\"container\" data-e-type=\"container\" data-settings=\"{&quot;background_background&quot;:&quot;classic&quot;}\">\n\t\t<div class=\"elementor-element elementor-element-dfbf16c e-con-full e-flex e-con e-child\" data-id=\"dfbf16c\" data-element_type=\"container\" data-e-type=\"container\">\n\t\t\t\t<div data-custom-animations=\"true\" data-ca-options=\"{&quot;addChildTimelines&quot;:false,&quot;trigger&quot;:&quot;firstChild&quot;,&quot;animationTarget&quot;:&quot;.lqd-split-lines .lqd-lines .split-inner, .lqd-adv-txt-fig&quot;,&quot;ease&quot;:[&quot;power4.out&quot;],&quot;initValues&quot;:{&quot;x&quot;:&quot;-20px&quot;,&quot;opacity&quot;:0,&quot;transformOrigin&quot;:&quot;50% 50% 0px&quot;},&quot;animations&quot;:{&quot;x&quot;:&quot;0px&quot;,&quot;opacity&quot;:1,&quot;transformOrigin&quot;:&quot;50% 50% 0px&quot;}}\" class=\"elementor-element elementor-element-3bb036c elementor-widget elementor-widget-hub_fancy_heading lqd-el-has-inner-anim\" data-id=\"3bb036c\" data-element_type=\"widget\" data-e-type=\"widget\" data-settings=\"{&quot;enable_split&quot;:&quot;true&quot;,&quot;split_type&quot;:&quot;lines&quot;}\" data-widget_type=\"hub_fancy_heading.default\">\n\t\t\t\t<div class=\"elementor-widget-container\">\n\t\t\t\t\t\n\t\t<div id=\"ld-fancy-heading-69fcd42c7e5a6\" class=\"ld-fancy-heading pos-rel\">\n\t\t\t<h2 class=\"ld-fh-element d-inline-block pos-rel  elementor-heading-title lqd-highlight-classic lqd-highlight-grow-left lqd-split-lines h2\"  data-split-text=\"true\" data-split-options='{\"type\":\"lines\"}'> Proc\u00e9dure de r\u00e9clamation<\/h2>\t\t<\/div>\n\n\t\t\t\t\t\t<\/div>\n\t\t\t\t<\/div>\n\t\t\t\t<div class=\"elementor-element elementor-element-a63cf03 elementor-widget elementor-widget-hub_fancy_heading lqd-el-has-inner-anim\" data-id=\"a63cf03\" data-element_type=\"widget\" data-e-type=\"widget\" data-settings=\"{&quot;enable_split&quot;:&quot;true&quot;,&quot;split_type&quot;:&quot;lines&quot;}\" data-widget_type=\"hub_fancy_heading.default\">\n\t\t\t\t<div class=\"elementor-widget-container\">\n\t\t\t\t\t\n\t\t<div id=\"ld-fancy-heading-69fcd42c7e900\" class=\"ld-fancy-heading pos-rel\">\n\t\t\t<p class=\"ld-fh-element d-inline-block pos-rel  lqd-highlight-classic lqd-highlight-grow-left lqd-split-lines p\"  data-split-text=\"true\" data-split-options='{\"type\":\"lines\"}'> <b>Platinum Dental<\/b>\n<br><br>\nChez Platinum Dental, nous nous effor\u00e7ons de vous fournir les meilleurs soins dentaires possibles dans un environnement s\u00fbr et professionnel. La satisfaction de nos patients est au c\u0153ur de nos pr\u00e9occupations. Cependant, il peut arriver que vous ne soyez pas enti\u00e8rement satisfait d'un traitement ou de nos services.\n<br><br>\nNous appr\u00e9cions grandement que vous discutiez d'abord de votre plainte, remarque ou suggestion avec nous. Dans de nombreux cas, une conversation ouverte et personnelle peut clarifier d'\u00e9ventuels malentendus et mener ensemble \u00e0 une solution appropri\u00e9e. Vos commentaires nous aident \u00e9galement \u00e0 am\u00e9liorer continuellement nos soins et nos services.\n<br><br>\nDans le cas peu probable o\u00f9 nous ne parviendrions pas \u00e0 une solution ensemble, vous pouvez recourir \u00e0 une proc\u00e9dure de r\u00e9clamation ind\u00e9pendante.\n<br><br>\nNotre cabinet est affili\u00e9 au Klachtenportaal Zorg (KPZ). Pour plus d'informations sur la proc\u00e9dure de r\u00e9clamation, nous vous renvoyons \u00e0 :<br>\n<b>www.klachtenportaalzorg.nl<\/b>\n<br><br>\n<p><b>Traitement ind\u00e9pendant des plaintes<\/b><br>\nSi vous ne voulez pas ou ne pouvez pas discuter de la plainte avec nous, ou si vous souhaitez un soutien ind\u00e9pendant, vous pouvez contacter le <b>Klachtenportaal Zorg<\/b>. Le Klachtenportaal Zorg est une organisation externe \u00e0 laquelle nous sommes affili\u00e9s pour aider \u00e0 r\u00e9soudre les m\u00e9contentements et les plaintes concernant nos soins.<\/p>\n\n<p>Une fois que vous avez envoy\u00e9 votre plainte ou votre m\u00e9contentement, le Klachtenportaal Zorg \u00e9value si celle-ci remplit les conditions pour \u00eatre trait\u00e9e et quelle proc\u00e9dure est la plus adapt\u00e9e. Si des informations sont manquantes ou peu claires, ils vous contacteront pour compl\u00e9ter le dossier et s'assurer que la proc\u00e9dure de r\u00e9clamation est correctement lanc\u00e9e.<\/p>\n\n<p><b>Conseils et soutien<\/b><br>\nSouhaitez-vous des conseils sur la mani\u00e8re de g\u00e9rer une situation dont vous n'\u00eates pas satisfait ? M\u00eame dans ce cas, vous pouvez contacter le Klachtenportaal Zorg. Dans ce cas, vous ne lancez pas encore de proc\u00e9dure formelle.<\/p>\n\n<p><b>Comment d\u00e9poser votre plainte ?<\/b>\n<ul>\n  <li>Via le formulaire de r\u00e9clamation sur le site web de Klachtenportaal Zorg.<\/li>\n  <li>Par e-mail \u00e0 : <b>info@klachtenportaalzorg.nl<\/b><\/li>\n<\/ul>\n<\/p>\n\n<p>Vous ne savez pas exactement quelle proc\u00e9dure de r\u00e9clamation s'applique \u00e0 vous ? Le Klachtenportaal Zorg peut \u00e9galement vous aider. L'objectif reste en tout temps la r\u00e9solution des m\u00e9contentements et des plaintes.<\/p><\/p>\t\t<\/div>\n\n\t\t\t\t\t\t<\/div>\n\t\t\t\t<\/div>\n\t\t\t\t<div class=\"elementor-element elementor-element-622345f elementor-tablet-align-center elementor-widget elementor-widget-ld_button\" data-id=\"622345f\" data-element_type=\"widget\" data-e-type=\"widget\" data-widget_type=\"ld_button.default\">\n\t\t\t\t<div class=\"elementor-widget-container\">\n\t\t\t\t\t\n\t\t\t<a\n\t\t\t\thref=\"https:\/\/klachtenportaalzorg.nl\/\" target=\"_blank\"class=\"elementor-button btn btn-solid btn-lg btn-icon-shaped btn-has-label\"\t\t\t>\n\t\t\t\t\t\t\t\t\t<span data-text=\"Obtenir plus d&#039;informations\" class=\"btn-txt\">\n\t\t\t\t\t\tObtenir plus d'informations\t\t\t\t\t<\/span>\n\t\t\t\t\t\t\t\t\t\t\t<\/a>\n\t\t\t\t\t\t\t<\/div>\n\t\t\t\t<\/div>\n\t\t\t\t<div class=\"elementor-element elementor-element-9fa6d6f elementor-widget elementor-widget-image\" data-id=\"9fa6d6f\" data-element_type=\"widget\" data-e-type=\"widget\" data-widget_type=\"image.default\">\n\t\t\t\t<div class=\"elementor-widget-container\">\n\t\t\t\t\t\t\t\t\t\t\t\t\t\t\t<img decoding=\"async\" width=\"600\" height=\"67\" src=\"https:\/\/platinumdentcare.com\/wp-content\/uploads\/2026\/03\/klachtenportaal.jpeg\" class=\"attachment-large size-large wp-image-57469\" alt=\"\" srcset=\"https:\/\/platinumdentcare.com\/wp-content\/uploads\/2026\/03\/klachtenportaal.jpeg 600w, https:\/\/platinumdentcare.com\/wp-content\/uploads\/2026\/03\/klachtenportaal-300x34.jpeg 300w\" sizes=\"(max-width: 600px) 100vw, 600px\" \/>\t\t\t\t\t\t\t\t\t\t\t\t\t\t\t<\/div>\n\t\t\t\t<\/div>\n\t\t\t\t<\/div>\n\t\t\t\t<\/div>\n\t\t\t\t\t<\/div>\n\t\t\t\t<\/div>\n\t\t\t\t<\/div>\n\t\t","protected":false},"excerpt":{"rendered":"<p>Proc\u00e9dure de r\u00e9clamation Platinum Dental Chez Platinum Dental, nous nous effor\u00e7ons de vous fournir les meilleurs soins dentaires possibles dans un environnement s\u00fbr et professionnel. La satisfaction de nos patients est au c\u0153ur de nos pr\u00e9occupations. Cependant, il peut arriver que vous ne soyez pas enti\u00e8rement satisfait d&#8217;un traitement ou de nos services. Nous appr\u00e9cions [&hellip;]<\/p>\n","protected":false},"author":2,"featured_media":0,"parent":0,"menu_order":0,"comment_status":"closed","ping_status":"closed","template":"","meta":{"footnotes":""},"class_list":["post-57479","page","type-page","status-publish","hentry"],"_links":{"self":[{"href":"https:\/\/platinumdentcare.com\/fr\/wp-json\/wp\/v2\/pages\/57479","targetHints":{"allow":["GET"]}}],"collection":[{"href":"https:\/\/platinumdentcare.com\/fr\/wp-json\/wp\/v2\/pages"}],"about":[{"href":"https:\/\/platinumdentcare.com\/fr\/wp-json\/wp\/v2\/types\/page"}],"author":[{"embeddable":true,"href":"https:\/\/platinumdentcare.com\/fr\/wp-json\/wp\/v2\/users\/2"}],"replies":[{"embeddable":true,"href":"https:\/\/platinumdentcare.com\/fr\/wp-json\/wp\/v2\/comments?post=57479"}],"version-history":[{"count":7,"href":"https:\/\/platinumdentcare.com\/fr\/wp-json\/wp\/v2\/pages\/57479\/revisions"}],"predecessor-version":[{"id":57512,"href":"https:\/\/platinumdentcare.com\/fr\/wp-json\/wp\/v2\/pages\/57479\/revisions\/57512"}],"wp:attachment":[{"href":"https:\/\/platinumdentcare.com\/fr\/wp-json\/wp\/v2\/media?parent=57479"}],"curies":[{"name":"wp","href":"https:\/\/api.w.org\/{rel}","templated":true}]}}