{"id":56611,"date":"2023-10-01T08:39:19","date_gmt":"2023-10-01T08:39:19","guid":{"rendered":"https:\/\/platinumdentcare.com\/hakkimizda\/"},"modified":"2025-12-09T06:42:06","modified_gmt":"2025-12-09T06:42:06","slug":"a-propos-de-nous","status":"publish","type":"page","link":"https:\/\/platinumdentcare.com\/fr\/a-propos-de-nous\/","title":{"rendered":"\u00c0 PROPOS DE NOUS"},"content":{"rendered":"\t\t<div data-elementor-type=\"wp-page\" data-elementor-id=\"56611\" class=\"elementor elementor-56611\">\n\t\t\t\t<div class=\"elementor-element elementor-element-9d1a16a e-con-full e-flex e-con e-parent\" data-id=\"9d1a16a\" data-element_type=\"container\" data-e-type=\"container\" data-settings=\"{&quot;background_background&quot;:&quot;classic&quot;}\">\n\t\t<div class=\"elementor-element elementor-element-bc2c7b6 e-con-full e-flex e-con e-child\" data-id=\"bc2c7b6\" data-element_type=\"container\" data-e-type=\"container\">\n\t\t\t\t<\/div>\n\t\t\t\t<\/div>\n\t\t<div class=\"elementor-element elementor-element-206586b e-flex e-con-boxed e-con e-parent\" data-id=\"206586b\" data-element_type=\"container\" data-e-type=\"container\" data-settings=\"{&quot;background_background&quot;:&quot;classic&quot;}\">\n\t\t\t\t\t<div class=\"e-con-inner\">\n\t\t<div class=\"elementor-element elementor-element-a9e350b e-con-full e-flex e-con e-child\" data-id=\"a9e350b\" data-element_type=\"container\" data-e-type=\"container\" data-settings=\"{&quot;background_background&quot;:&quot;classic&quot;}\">\n\t\t<div class=\"elementor-element elementor-element-e090091 e-con-full e-flex e-con e-child\" data-id=\"e090091\" data-element_type=\"container\" data-e-type=\"container\">\n\t\t\t\t<div class=\"elementor-element elementor-element-63a9c45 elementor-widget elementor-widget-html\" data-id=\"63a9c45\" data-element_type=\"widget\" data-e-type=\"widget\" data-widget_type=\"html.default\">\n\t\t\t\t<div class=\"elementor-widget-container\">\n\t\t\t\t\t<video\r\n  src=\"https:\/\/platinumdentcare.com\/wp-content\/uploads\/2025\/12\/Every-Hollywood-smile-is-unique.-It-is-designed-to-complement-your-face-personality-and-lifest.mp4\"\r\n  autoplay\r\n  muted\r\n  loop\r\n  playsinline\r\n  style=\"width:100%; height:700px; border-radius:12px; display:block;\"\r\n><\/video>\r\n\t\t\t\t<\/div>\n\t\t\t\t<\/div>\n\t\t\t\t<\/div>\n\t\t<div class=\"elementor-element elementor-element-42fa1f8 e-con-full e-flex e-con e-child\" data-id=\"42fa1f8\" data-element_type=\"container\" data-e-type=\"container\">\n\t\t\t\t<div data-custom-animations=\"true\" data-ca-options=\"{&quot;addChildTimelines&quot;:false,&quot;trigger&quot;:&quot;firstChild&quot;,&quot;animationTarget&quot;:&quot;.lqd-split-chars .lqd-chars .split-inner, .lqd-adv-txt-fig&quot;,&quot;duration&quot;:500,&quot;delay&quot;:50,&quot;ease&quot;:[&quot;power4.out&quot;],&quot;initValues&quot;:{&quot;x&quot;:&quot;20px&quot;,&quot;rotationX&quot;:10,&quot;opacity&quot;:0,&quot;transformOrigin&quot;:&quot;50% 50% 0px&quot;},&quot;animations&quot;:{&quot;x&quot;:&quot;0px&quot;,&quot;rotationX&quot;:0,&quot;opacity&quot;:1,&quot;transformOrigin&quot;:&quot;50% 50% 0px&quot;}}\" class=\"elementor-element elementor-element-9de2397 elementor-widget elementor-widget-hub_fancy_heading lqd-el-has-inner-anim\" data-id=\"9de2397\" data-element_type=\"widget\" data-e-type=\"widget\" data-settings=\"{&quot;enable_split&quot;:&quot;true&quot;,&quot;split_type&quot;:&quot;chars, words&quot;}\" data-widget_type=\"hub_fancy_heading.default\">\n\t\t\t\t<div class=\"elementor-widget-container\">\n\t\t\t\t\t\n\t\t<div id=\"ld-fancy-heading-69fcd43c2a61c\" class=\"ld-fancy-heading pos-rel\">\n\t\t\t<h6 class=\"ld-fh-element d-inline-block pos-rel  elementor-heading-title lqd-highlight-classic lqd-highlight-grow-left lqd-split-chars h6\"  data-split-text=\"true\" data-split-options='{\"type\":\"chars, words\"}'> PLATINUM DENTAL<\/h6>\t\t<\/div>\n\n\t\t\t\t\t\t<\/div>\n\t\t\t\t<\/div>\n\t\t\t\t<div data-custom-animations=\"true\" data-ca-options=\"{&quot;addChildTimelines&quot;:false,&quot;trigger&quot;:&quot;firstChild&quot;,&quot;animationTarget&quot;:&quot;.lqd-split-lines .lqd-lines .split-inner, .lqd-adv-txt-fig&quot;,&quot;ease&quot;:[&quot;power4.out&quot;],&quot;initValues&quot;:{&quot;x&quot;:&quot;-20px&quot;,&quot;opacity&quot;:0,&quot;transformOrigin&quot;:&quot;50% 50% 0px&quot;},&quot;animations&quot;:{&quot;x&quot;:&quot;0px&quot;,&quot;opacity&quot;:1,&quot;transformOrigin&quot;:&quot;50% 50% 0px&quot;}}\" class=\"elementor-element elementor-element-799a3b4 elementor-widget elementor-widget-hub_fancy_heading lqd-el-has-inner-anim\" data-id=\"799a3b4\" data-element_type=\"widget\" data-e-type=\"widget\" data-settings=\"{&quot;enable_split&quot;:&quot;true&quot;,&quot;split_type&quot;:&quot;lines&quot;}\" data-widget_type=\"hub_fancy_heading.default\">\n\t\t\t\t<div class=\"elementor-widget-container\">\n\t\t\t\t\t\n\t\t<div id=\"ld-fancy-heading-69fcd43c2a97f\" class=\"ld-fancy-heading pos-rel\">\n\t\t\t<h2 class=\"ld-fh-element d-inline-block pos-rel  elementor-heading-title lqd-highlight-classic lqd-highlight-grow-left lqd-split-lines h2\"  data-split-text=\"true\" data-split-options='{\"type\":\"lines\"}'> \u00c0 propos de nous<\/h2>\t\t<\/div>\n\n\t\t\t\t\t\t<\/div>\n\t\t\t\t<\/div>\n\t\t\t\t<div class=\"elementor-element elementor-element-99df32f elementor-widget elementor-widget-hub_fancy_heading lqd-el-has-inner-anim\" data-id=\"99df32f\" data-element_type=\"widget\" data-e-type=\"widget\" data-settings=\"{&quot;enable_split&quot;:&quot;true&quot;,&quot;split_type&quot;:&quot;lines&quot;}\" data-widget_type=\"hub_fancy_heading.default\">\n\t\t\t\t<div class=\"elementor-widget-container\">\n\t\t\t\t\t\n\t\t<div id=\"ld-fancy-heading-69fcd43c2abfb\" class=\"ld-fancy-heading pos-rel\">\n\t\t\t<p class=\"ld-fh-element d-inline-block pos-rel  lqd-highlight-classic lqd-highlight-grow-left lqd-split-lines p\"  data-split-text=\"true\" data-split-options='{\"type\":\"lines\"}'> La clinique dentaire Platinum offre des services de traitement \u00e0 ses patients gr\u00e2ce \u00e0 ses m\u00e9decins sp\u00e9cialis\u00e9s et exp\u00e9riment\u00e9s dans toutes les branches, en particulier la dentisterie esth\u00e9tique et les proth\u00e8ses dentaires. Notre passion est d'utiliser la technologie la plus avanc\u00e9e tout en prot\u00e9geant et en traitant la sant\u00e9 bucco-dentaire et de fournir un service de clinique boutique aux normes internationales.<\/p>\t\t<\/div>\n\n\t\t\t\t\t\t<\/div>\n\t\t\t\t<\/div>\n\t\t\t\t<div class=\"elementor-element elementor-element-3e7a03b elementor-tablet-align-center elementor-widget elementor-widget-ld_button\" data-id=\"3e7a03b\" data-element_type=\"widget\" data-e-type=\"widget\" data-widget_type=\"ld_button.default\">\n\t\t\t\t<div class=\"elementor-widget-container\">\n\t\t\t\t\t\n\t\t\t<a\n\t\t\t\thref=\"https:\/\/api.whatsapp.com\/send\/?phone=+31611791999&#038;text=\" target=\"_blank\"class=\"elementor-button btn btn-solid btn-lg btn-icon-shaped btn-has-label\"\t\t\t>\n\t\t\t\t\t\t\t\t\t<span data-text=\"dAHA FAZLA B\u0130LG\u0130 AL\" class=\"btn-txt\">\n\t\t\t\t\t\tdAHA FAZLA B\u0130LG\u0130 AL\t\t\t\t\t<\/span>\n\t\t\t\t\t\t\t\t\t\t\t<\/a>\n\t\t\t\t\t\t\t<\/div>\n\t\t\t\t<\/div>\n\t\t\t\t<\/div>\n\t\t\t\t<\/div>\n\t\t\t\t\t<\/div>\n\t\t\t\t<\/div>\n\t\t\t\t<\/div>\n\t\t","protected":false},"excerpt":{"rendered":"<p>PLATINUM DENTAL \u00c0 propos de nous La clinique dentaire Platinum offre des services de traitement \u00e0 ses patients gr\u00e2ce \u00e0 ses m\u00e9decins sp\u00e9cialis\u00e9s et exp\u00e9riment\u00e9s dans toutes les branches, en particulier la dentisterie esth\u00e9tique et les proth\u00e8ses dentaires. Notre passion est d&#8217;utiliser la technologie la plus avanc\u00e9e tout en prot\u00e9geant et en traitant la sant\u00e9 [&hellip;]<\/p>\n","protected":false},"author":1,"featured_media":0,"parent":0,"menu_order":0,"comment_status":"closed","ping_status":"closed","template":"","meta":{"footnotes":""},"class_list":["post-56611","page","type-page","status-publish","hentry"],"_links":{"self":[{"href":"https:\/\/platinumdentcare.com\/fr\/wp-json\/wp\/v2\/pages\/56611","targetHints":{"allow":["GET"]}}],"collection":[{"href":"https:\/\/platinumdentcare.com\/fr\/wp-json\/wp\/v2\/pages"}],"about":[{"href":"https:\/\/platinumdentcare.com\/fr\/wp-json\/wp\/v2\/types\/page"}],"author":[{"embeddable":true,"href":"https:\/\/platinumdentcare.com\/fr\/wp-json\/wp\/v2\/users\/1"}],"replies":[{"embeddable":true,"href":"https:\/\/platinumdentcare.com\/fr\/wp-json\/wp\/v2\/comments?post=56611"}],"version-history":[{"count":13,"href":"https:\/\/platinumdentcare.com\/fr\/wp-json\/wp\/v2\/pages\/56611\/revisions"}],"predecessor-version":[{"id":57296,"href":"https:\/\/platinumdentcare.com\/fr\/wp-json\/wp\/v2\/pages\/56611\/revisions\/57296"}],"wp:attachment":[{"href":"https:\/\/platinumdentcare.com\/fr\/wp-json\/wp\/v2\/media?parent=56611"}],"curies":[{"name":"wp","href":"https:\/\/api.w.org\/{rel}","templated":true}]}}