{"id":56777,"date":"2023-10-01T08:39:23","date_gmt":"2023-10-01T08:39:23","guid":{"rendered":"https:\/\/platinumdentcare.com\/iletisim\/"},"modified":"2026-03-23T18:25:02","modified_gmt":"2026-03-23T18:25:02","slug":"contact","status":"publish","type":"page","link":"https:\/\/platinumdentcare.com\/en\/contact\/","title":{"rendered":"CONTACT"},"content":{"rendered":"\t\t<div data-elementor-type=\"wp-page\" data-elementor-id=\"56777\" class=\"elementor elementor-56777\">\n\t\t\t\t<div class=\"elementor-element elementor-element-962c3c7 e-con-full e-flex e-con e-parent\" data-id=\"962c3c7\" data-element_type=\"container\" data-e-type=\"container\" data-settings=\"{&quot;background_background&quot;:&quot;classic&quot;}\">\n\t\t<div class=\"elementor-element elementor-element-5c39bed e-con-full e-flex e-con e-child\" data-id=\"5c39bed\" data-element_type=\"container\" data-e-type=\"container\">\n\t\t\t\t<\/div>\n\t\t\t\t<\/div>\n\t\t\t\t<section class=\"elementor-section elementor-top-section elementor-element elementor-element-be307ce elementor-section-boxed elementor-section-height-default elementor-section-height-default\" data-id=\"be307ce\" data-element_type=\"section\" data-e-type=\"section\">\n\t\t\t\t\t\t<div class=\"elementor-container elementor-column-gap-default\">\n\t\t\t\t\t<div class=\"elementor-column elementor-col-50 elementor-top-column elementor-element elementor-element-7f8c088b\" data-id=\"7f8c088b\" data-element_type=\"column\" data-e-type=\"column\">\n\t\t\t<div class=\"elementor-widget-wrap elementor-element-populated\">\n\t\t\t\t\t\t<div class=\"elementor-element elementor-element-fcb5e1b elementor-widget elementor-widget-hub_fancy_heading\" data-id=\"fcb5e1b\" data-element_type=\"widget\" data-e-type=\"widget\" data-widget_type=\"hub_fancy_heading.default\">\n\t\t\t\t<div class=\"elementor-widget-container\">\n\t\t\t\t\t\n\t\t<div id=\"ld-fancy-heading-69fcbab8f1d6e\" class=\"ld-fancy-heading pos-rel\">\n\t\t\t<h1 class=\"ld-fh-element d-inline-block pos-rel  elementor-heading-title lqd-highlight-classic lqd-highlight-grow-left h1\"  > Contact<\/h1>\t\t<\/div>\n\n\t\t\t\t\t\t<\/div>\n\t\t\t\t<\/div>\n\t\t\t\t<div class=\"elementor-element elementor-element-145a13b8 elementor-widget elementor-widget-hub_fancy_heading\" data-id=\"145a13b8\" data-element_type=\"widget\" data-e-type=\"widget\" data-widget_type=\"hub_fancy_heading.default\">\n\t\t\t\t<div class=\"elementor-widget-container\">\n\t\t\t\t\t\n\t\t<div id=\"ld-fancy-heading-69fcbab8f2007\" class=\"ld-fancy-heading pos-rel\">\n\t\t\t<p class=\"ld-fh-element d-inline-block pos-rel  lqd-highlight-classic lqd-highlight-grow-left p\"  > If you want to get more information, you can contact us via e-mail, telephone or whatsapp.\n<\/p>\t\t<\/div>\n\n\t\t\t\t\t\t<\/div>\n\t\t\t\t<\/div>\n\t\t\t\t<div class=\"elementor-element elementor-element-2aa657c5 elementor-align-left elementor-widget elementor-widget-ld_icon_box\" data-id=\"2aa657c5\" data-element_type=\"widget\" data-e-type=\"widget\" data-widget_type=\"ld_icon_box.default\">\n\t\t\t\t<div class=\"elementor-widget-container\">\n\t\t\t\t\t\n\t\t\t<div id=\"ld_icon_box_2aa657c5\" class=\"iconbox d-flex flex-grow-1 pos-rel iconbox-side\"   >\n\n\t\t\t\t\n\t\t\t\t<div class=\"iconbox-icon-wrap  \"><div class=\"iconbox-icon-container d-inline-flex   \"><i aria-hidden=\"true\" class=\"fas fa-map-marker-alt\"><\/i><\/div><\/div>\n\t\t\t\t\n\t\t\t\t\n\t\t\t\t\n\t\t\t\t<h3 class=\"lqd-iconbox-heading \" >Rijksweg66 6295AP Lemiers <\/h3>\t\t\t\t<p><\/p>\n\t\t\t\t\n\t\t\t\t\n\t\t\t\t\n\t\t\t<\/div>\n\n\t\t\t\t\t\t<\/div>\n\t\t\t\t<\/div>\n\t\t\t\t<div class=\"elementor-element elementor-element-7bb6fb18 elementor-align-left elementor-widget elementor-widget-ld_icon_box\" data-id=\"7bb6fb18\" data-element_type=\"widget\" data-e-type=\"widget\" data-widget_type=\"ld_icon_box.default\">\n\t\t\t\t<div class=\"elementor-widget-container\">\n\t\t\t\t\t\n\t\t\t<div id=\"ld_icon_box_7bb6fb18\" class=\"iconbox d-flex flex-grow-1 pos-rel iconbox-side\"   >\n\n\t\t\t\t\n\t\t\t\t<div class=\"iconbox-icon-wrap  \"><div class=\"iconbox-icon-container d-inline-flex   \"><i aria-hidden=\"true\" class=\"fas fa-envelope\"><\/i><\/div><\/div>\n\t\t\t\t\n\t\t\t\t\n\t\t\t\t\n\t\t\t\t<h3 class=\"lqd-iconbox-heading \" >platinumdentalbv@gmail.com <\/h3>\t\t\t\t<p><\/p>\n\t\t\t\t\n\t\t\t\t\n\t\t\t\t\n\t\t\t<\/div>\n\n\t\t\t\t\t\t<\/div>\n\t\t\t\t<\/div>\n\t\t\t\t<div class=\"elementor-element elementor-element-1cd6dc3b elementor-align-left elementor-widget elementor-widget-ld_icon_box\" data-id=\"1cd6dc3b\" data-element_type=\"widget\" data-e-type=\"widget\" data-widget_type=\"ld_icon_box.default\">\n\t\t\t\t<div class=\"elementor-widget-container\">\n\t\t\t\t\t\n\t\t\t<div id=\"ld_icon_box_1cd6dc3b\" class=\"iconbox d-flex flex-grow-1 pos-rel iconbox-side\"   >\n\n\t\t\t\t\n\t\t\t\t<div class=\"iconbox-icon-wrap  \"><div class=\"iconbox-icon-container d-inline-flex   \"><i aria-hidden=\"true\" class=\"fas fa-mobile\"><\/i><\/div><\/div>\n\t\t\t\t\n\t\t\t\t\n\t\t\t\t\n\t\t\t\t<h3 class=\"lqd-iconbox-heading \" >+31 6 11791999 <\/h3>\t\t\t\t<p><\/p>\n\t\t\t\t\n\t\t\t\t\n\t\t\t\t\n\t\t\t<\/div>\n\n\t\t\t\t\t\t<\/div>\n\t\t\t\t<\/div>\n\t\t\t\t<div class=\"elementor-element elementor-element-291822c elementor-widget elementor-widget-html\" data-id=\"291822c\" data-element_type=\"widget\" data-e-type=\"widget\" data-widget_type=\"html.default\">\n\t\t\t\t<div class=\"elementor-widget-container\">\n\t\t\t\t\t<div style=\"display: flex; align-items: flex-start; margin-top: 25px; font-family: sans-serif;\">\n  <div style=\"min-width: 30px; color: #888; font-size: 18px;\">\u271a<\/div>\n  <div>\n    <p style=\"margin: 0; color: #555; font-size: 15px; line-height: 1.5;\">\n      <b>In case of emergency<\/b><br>\n      Our dentists and dental assistants are prepared to assist our current patients outside of opening hours in case of an emergency*\n    <\/p>\n    <p style=\"margin-top: 8px; color: #999; font-size: 13px; font-style: italic;\">\n      *An emergency is when complaints cannot wait until the next working day.\n    <\/p>\n  <\/div>\n<\/div>\t\t\t\t<\/div>\n\t\t\t\t<\/div>\n\t\t\t\t\t<\/div>\n\t\t<\/div>\n\t\t\t\t<div class=\"elementor-column elementor-col-50 elementor-top-column elementor-element elementor-element-849eda2\" data-id=\"849eda2\" data-element_type=\"column\" data-e-type=\"column\" data-settings=\"{&quot;background_background&quot;:&quot;classic&quot;}\">\n\t\t\t<div class=\"elementor-widget-wrap elementor-element-populated\">\n\t\t\t\t\t\t<div class=\"elementor-element elementor-element-dc66884 elementor-widget elementor-widget-hub_fancy_heading\" data-id=\"dc66884\" data-element_type=\"widget\" data-e-type=\"widget\" data-widget_type=\"hub_fancy_heading.default\">\n\t\t\t\t<div class=\"elementor-widget-container\">\n\t\t\t\t\t\n\t\t<div id=\"ld-fancy-heading-69fcbab8f38fd\" class=\"ld-fancy-heading pos-rel\">\n\t\t\t<h1 class=\"ld-fh-element d-inline-block pos-rel  elementor-heading-title lqd-highlight-classic lqd-highlight-grow-left h1\"  > Contact Form<\/h1>\t\t<\/div>\n\n\t\t\t\t\t\t<\/div>\n\t\t\t\t<\/div>\n\t\t\t\t<div class=\"elementor-element elementor-element-c40bd76 elementor-widget elementor-widget-ld_cf722\" data-id=\"c40bd76\" data-element_type=\"widget\" data-e-type=\"widget\" data-widget_type=\"ld_cf722.default\">\n\t\t\t\t<div class=\"elementor-widget-container\">\n\t\t\t\t\t\n\t<div class=\"lqd-contact-form lqd-contact-form-inputs-filled  lqd-contact-form-inputs-round lqd-contact-form-button-block     \">\n\t\t\n<div class=\"wpcf7 no-js\" id=\"wpcf7-f56630-o1\" lang=\"en-US\" dir=\"ltr\" data-wpcf7-id=\"56630\">\n<div class=\"screen-reader-response\"><p role=\"status\" aria-live=\"polite\" aria-atomic=\"true\"><\/p> <ul><\/ul><\/div>\n<form action=\"\/en\/wp-json\/wp\/v2\/pages\/56777#wpcf7-f56630-o1\" method=\"post\" class=\"wpcf7-form init\" aria-label=\"Contact form\" novalidate=\"novalidate\" data-status=\"init\">\n<fieldset class=\"hidden-fields-container\"><input type=\"hidden\" name=\"_wpcf7\" value=\"56630\" \/><input type=\"hidden\" name=\"_wpcf7_version\" value=\"6.1.5\" \/><input type=\"hidden\" name=\"_wpcf7_locale\" value=\"en_US\" \/><input type=\"hidden\" name=\"_wpcf7_unit_tag\" value=\"wpcf7-f56630-o1\" \/><input type=\"hidden\" name=\"_wpcf7_container_post\" value=\"0\" \/><input type=\"hidden\" name=\"_wpcf7_posted_data_hash\" value=\"\" \/>\n<\/fieldset>\n<div class=\"cont\">\n\t<div class=\"row\">\n\t\t<div class=\"col-6 col-sm-6\">\n\t\t\t<p><label><br \/>\n<span class=\"wpcf7-form-control-wrap\" data-name=\"text-140\"><input size=\"40\" maxlength=\"400\" class=\"wpcf7-form-control wpcf7-text wpcf7-validates-as-required\" aria-required=\"true\" aria-invalid=\"false\" placeholder=\"Ad Soyad\" value=\"\" type=\"text\" name=\"text-140\" \/><\/span> <\/label>\n\t\t\t<\/p>\n\t\t<\/div>\n\t\t<div class=\"col-6 col-sm-6\">\n\t\t\t<p><label><br \/>\n<span class=\"wpcf7-form-control-wrap\" data-name=\"email-278\"><input size=\"40\" maxlength=\"400\" class=\"wpcf7-form-control wpcf7-email wpcf7-validates-as-required wpcf7-text wpcf7-validates-as-email\" aria-required=\"true\" aria-invalid=\"false\" placeholder=\"E-Posta*\" value=\"\" type=\"email\" name=\"email-278\" \/><\/span><\/label>\n\t\t\t<\/p>\n\t\t<\/div>\n\n <!-- Force next columns to break to new line -->\n\t\t<div class=\"w-100\">\n\t\t<\/div>\n\t<\/div>\n\t<div class=\"row\">\n\t\t<div class=\"col-6 col-sm-6\">\n\t\t\t<p><label><span class=\"wpcf7-form-control-wrap tel-288\"><input class=\"wpcf7-form-control wpcf7-tel wpcf7-validates-as-tel\" aria-invalid=\"false\" value=\"\" type=\"tel\" name=\"tel-288_hide\" data-name=\"tel-288\"  data-pre=\"\" data-excludeCountries=\"\" data-onlyct=\"\" data-defcountry=\"nl\" data-auto=\"1\" data-validation=\"1\" \/><\/span><\/label>\n\t\t\t<\/p>\n\t\t<\/div>\n\t\t<div class=\"col-6 col-sm-6\">\n\t\t\t<p><label><span class=\"wpcf7-form-control-wrap\" data-name=\"menu-179\"><select class=\"wpcf7-form-control wpcf7-select wpcf7-validates-as-required\" aria-required=\"true\" aria-invalid=\"false\" name=\"menu-179\"><option value=\"Tedavi Se\u00e7iniz\">Tedavi Se\u00e7iniz<\/option><option value=\"\u0130mplant\">\u0130mplant<\/option><option value=\"G\u00fcl\u00fc\u015f Tasar\u0131m\u0131\">G\u00fcl\u00fc\u015f Tasar\u0131m\u0131<\/option><option value=\"Zirkonyum\">Zirkonyum<\/option><option value=\"Estetik Dolgu\">Estetik Dolgu<\/option><option value=\"Di\u015f Beyazlatma\">Di\u015f Beyazlatma<\/option><option value=\"Di\u011fer\">Di\u011fer<\/option><\/select><\/span><\/label>\n\t\t\t<\/p>\n\t\t<\/div>\n\n <!-- Force next columns to break to new line -->\n\t\t<div class=\"w-100\">\n\t\t<\/div>\n\t<\/div>\n<\/div>\n<div class=\"transfer\">\n\t<p><span class=\"wpcf7-form-control-wrap\" data-name=\"textarea-791\"><textarea cols=\"40\" rows=\"10\" maxlength=\"2000\" class=\"wpcf7-form-control wpcf7-textarea\" aria-invalid=\"false\" name=\"textarea-791\"><\/textarea><\/span>\n\t<\/p>\n<\/div>\n<p><input class=\"wpcf7-form-control wpcf7-submit has-spinner\" id=\"button-submit\" type=\"submit\" value=\"G\u00f6nder\" \/><br \/>\n<script>\ndocument.getElementById('button-submit').addEventListener(\"click\", function() {\n return gtag_report_conversion('https:\/\/platinumdentcare.com');\n});\n<\/script>\n<\/p><div class=\"wpcf7-response-output\" aria-hidden=\"true\"><\/div>\n<\/form>\n<\/div>\n\t<\/div>\n\n\t\t\t\t\t<\/div>\n\t\t\t\t<\/div>\n\t\t\t\t\t<\/div>\n\t\t<\/div>\n\t\t\t\t\t<\/div>\n\t\t<\/section>\n\t\t<div class=\"elementor-element elementor-element-04e673c e-flex e-con-boxed e-con e-parent\" data-id=\"04e673c\" data-element_type=\"container\" data-e-type=\"container\">\n\t\t\t\t\t<div class=\"e-con-inner\">\n\t\t\t\t<div class=\"elementor-element elementor-element-7816880 elementor-widget elementor-widget-html\" data-id=\"7816880\" data-element_type=\"widget\" data-e-type=\"widget\" data-widget_type=\"html.default\">\n\t\t\t\t<div class=\"elementor-widget-container\">\n\t\t\t\t\t<section class=\"lem-section\">\r\n\r\n<style>\r\n  .lem-section {\r\n    --lem-bg: #f5f7ff;\r\n    --lem-panel: #ffffff;\r\n    --lem-muted: #5c6476;\r\n    --lem-ink: #0f1320;\r\n    --lem-accent: #2563eb;\r\n    --lem-accent2:#22c55e;\r\n    --lem-ring: rgba(37,99,235,.35);\r\n    --lem-shadow: 0 12px 38px rgba(15,19,32,.12);\r\n    --lem-radius: 14px;\r\n    --lem-mono: ui-monospace, SFMono-Regular, Menlo, Monaco, Consolas, monospace;\r\n    font-family: system-ui;\r\n  }\r\n\r\n  .lem-section * { box-sizing: border-box; }\r\n\r\n  .lem-wrap{\r\n    width: 100%;\r\n    max-width: 1100px;\r\n    margin-inline: auto;\r\n    display: flex;\r\n    flex-direction: column;\r\n    gap: 14px;\r\n    padding: 10px;\r\n    background: transparent;\r\n  }\r\n\r\n  .lem-top{\r\n    background: var(--lem-panel);\r\n    border-radius: var(--lem-radius);\r\n    box-shadow: var(--lem-shadow);\r\n    padding: 16px;\r\n    display: grid;\r\n    gap: 12px;\r\n  }\r\n\r\n  .lem-title{\r\n    display: flex;\r\n    gap: 10px;\r\n    justify-content: space-between;\r\n    flex-wrap: wrap;\r\n    align-items: center;\r\n  }\r\n\r\n  .lem-title h2{\r\n    margin: 0;\r\n    font-size: 20px;\r\n    color: var(--lem-ink);\r\n  }\r\n\r\n  .lem-badge{\r\n    font-size: 12px;\r\n    padding: 4px 8px;\r\n    border-radius: 999px;\r\n    background: rgba(37,99,235,.12);\r\n    border: 1px solid rgba(37,99,235,.28);\r\n    color: #1b3db8;\r\n    white-space: nowrap;\r\n  }\r\n\r\n  .lem-clinic{\r\n    font-size: 14px;\r\n    display: flex;\r\n    gap: 10px;\r\n    color: var(--lem-ink);\r\n  }\r\n\r\n  .lem-chip{\r\n    font-family: var(--lem-mono);\r\n    font-size: 12px;\r\n    padding: 2px 6px;\r\n    border-radius: 9px;\r\n    background: #eef2ff;\r\n    border: 1px solid rgba(37,99,235,.22);\r\n    color: #1e3a8a;\r\n  }\r\n\r\n  .lem-meta{ font-size: 13px; color: var(--lem-muted); }\r\n\r\n  .lem-search{\r\n    display: flex;\r\n    gap: 10px;\r\n    align-items: center;\r\n   \r\n    border-radius: var(--lem-radius);\r\n   \r\n  }\r\n  .lem-search input{\r\n    border: none; background: transparent; width: 100%;\r\n    font-size: 14px; outline: none;\r\n  }\r\n\r\n\r\n  .lem-grid{\r\n    display: grid;\r\n    gap: 12px;\r\n    grid-template-columns: repeat(auto-fit, minmax(260px, 1fr));\r\n  }\r\n\r\n  .lem-card{\r\n    background: #fff;\r\n    border: 1px solid rgba(15,19,32,.12);\r\n    border-radius: var(--lem-radius);\r\n    padding: 14px;\r\n    box-shadow: 0 8px 22px rgba(15,19,32,.08);\r\n    display: grid;\r\n    gap: 8px;\r\n  }\r\n\r\n  .lem-cardTop{\r\n    display: flex;\r\n    justify-content: space-between;\r\n    align-items: flex-start;\r\n    flex-wrap: wrap;\r\n    gap: 8px;\r\n  }\r\n\r\n  .lem-city{ font-size: 16px; margin: 0; }\r\n  .lem-dist{\r\n    font-size: 12px;\r\n    font-family: var(--lem-mono);\r\n    background: #f3f4f6;\r\n    padding: 2px 6px;\r\n    border-radius: 8px;\r\n    border: 1px solid rgba(15,19,32,.1);\r\n  }\r\n\r\n  .lem-actions{ display: flex; gap: 8px; flex-wrap: wrap; }\r\n  .lem-btn{\r\n    border: none;\r\n    border-radius: 10px;\r\n    padding: 7px 10px;\r\n    font-size: 13px;\r\n    cursor: pointer;\r\n  }\r\n  .lem-primary{\r\n    background: #3EAD3C;\r\n    color: white;\r\n  }\r\n  .lem-ghost{\r\n    background: #fff;\r\n    border: 1px solid rgba(15,19,32,.15);\r\n    color: var(--lem-ink);\r\n  }\r\n\r\n  \/* Mesafe Popup *\/\r\n  .lem-popup{\r\n    position: fixed;\r\n    top: 20px;\r\n    right: 20px;\r\n    background: #fff;\r\n    border-radius: 12px;\r\n    border: 1px solid rgba(15,19,32,.12);\r\n    box-shadow: 0 10px 22px rgba(0,0,0,.15);\r\n    padding: 14px;\r\n    font-size: 14px;\r\n    z-index: 9999;\r\n    display: none;\r\n  }\r\n<\/style>\r\n\r\n<div id=\"lemPopup\" class=\"lem-popup\"><\/div>\r\n\r\n<div class=\"lem-wrap\">\r\n\r\n  \r\n\r\n    <div class=\"lem-search\">\r\n      <input id=\"lemSearch\" type=\"text\" placeholder=\"\u015eehir ara...\" style=\"display:none\">\r\n    <\/div>\r\n  <\/div>\r\n\r\n  <div id=\"lemList\" class=\"lem-grid\"><\/div>\r\n<\/div>\r\n\r\n<script>\r\n(function(){\r\n  const cities = [\r\n    { name: \"Aachen\", country: \"DE\", dist: \"\u223c 8\u201310 km\" },\r\n    { name: \"Maastricht\", country: \"NL\", dist: \"\u223c 22\u201325 km\" },\r\n    { name: \"Heerlen\", country: \"NL\", dist: \"\u223c 10\u201315 km\" },\r\n    { name: \"Kerkrade\", country: \"NL\", dist: \"\u223c 10\u201315 km\" },\r\n    { name: \"Vaals\", country: \"NL\", dist: \"\u223c 5\u20138 km\" },\r\n    { name: \"Valkenburg aan de Geul\", country: \"NL\", dist: \"\u223c 15\u201320 km\" },\r\n    { name: \"Sittard\", country: \"NL\", dist: \"\u223c 20\u201325 km\" },\r\n    { name: \"Geleen\", country: \"NL\", dist: \"\u223c 25\u201330 km\" },\r\n    { name: \"Roermond\", country: \"NL\", dist: \"\u223c 35\u201340 km\" },\r\n  ];\r\n\r\n  const CLINIC = \"Rijksweg 66, 6295 AP Lemiers, Netherlands\";\r\n\r\n  const getDirectionsURL = (city) =>\r\n    `https:\/\/www.google.com\/maps\/dir\/${encodeURIComponent(CLINIC)}\/${encodeURIComponent(city)}`;\r\n\r\n  const list = document.getElementById(\"lemList\");\r\n  const search = document.getElementById(\"lemSearch\");\r\n  const popup = document.getElementById(\"lemPopup\");\r\n\r\n  function showPopup(text){\r\n    popup.innerHTML = text;\r\n    popup.style.display = \"block\";\r\n    setTimeout(()=> popup.style.display = \"none\", 2500);\r\n  }\r\n\r\n  function render(items){\r\n    list.innerHTML = \"\";\r\n    items.forEach(c=>{\r\n      const el = document.createElement(\"div\");\r\n      el.className = \"lem-card\";\r\n\r\n      el.innerHTML = `\r\n     <div class=\"lem-cardTop\">\r\n  <h3 class=\"lem-city\">${c.name} <span class=\"lem-meta\">(${c.country})<\/span><\/h3>\r\n  <div class=\"lem-dist\">${c.dist}<\/div>\r\n<\/div>\r\n\r\n<div class=\"lem-meta\">All route directions are calculated from the clinic address.<\/div>\r\n\r\n<div class=\"lem-actions\">\r\n  <button class=\"lem-btn lem-primary\" data-city=\"${c.name}\">\r\n    Open Directions\r\n  <\/button>\r\n  <button class=\"lem-btn lem-ghost\" data-city=\"${c.name}\" data-dist=\"${c.dist}\">\r\n    Distance Details\r\n  <\/button>\r\n<\/div>\r\n\r\n      `;\r\n\r\n      el.querySelector(\".lem-primary\").onclick = ()=>{\r\n        window.open(getDirectionsURL(c.name), \"_blank\");\r\n      };\r\n\r\n      el.querySelector(\".lem-ghost\").onclick = ()=>{\r\n        showPopup(`<strong>${c.name}<\/strong><br>${c.dist}`);\r\n      };\r\n\r\n      list.appendChild(el);\r\n    });\r\n  }\r\n\r\n  search.oninput = () => {\r\n    const q = search.value.toLowerCase().trim();\r\n    const filtered = cities.filter(c => (c.name + c.country).toLowerCase().includes(q));\r\n    render(filtered);\r\n  };\r\n\r\n  render(cities);\r\n\r\n})();\r\n<\/script>\r\n\r\n<\/section>\r\n\t\t\t\t<\/div>\n\t\t\t\t<\/div>\n\t\t\t\t\t<\/div>\n\t\t\t\t<\/div>\n\t\t\t\t<\/div>\n\t\t","protected":false},"excerpt":{"rendered":"<p>Contact If you want to get more information, you can contact us via e-mail, telephone or whatsapp. Rijksweg66 6295AP Lemiers platinumdentalbv@gmail.com +31 6 11791999 \u271a In case of emergency Our dentists and dental assistants are prepared to assist our current patients outside of opening hours in case of an emergency* *An emergency is when complaints [&hellip;]<\/p>\n","protected":false},"author":1,"featured_media":0,"parent":0,"menu_order":0,"comment_status":"closed","ping_status":"closed","template":"","meta":{"footnotes":""},"class_list":["post-56777","page","type-page","status-publish","hentry"],"_links":{"self":[{"href":"https:\/\/platinumdentcare.com\/en\/wp-json\/wp\/v2\/pages\/56777","targetHints":{"allow":["GET"]}}],"collection":[{"href":"https:\/\/platinumdentcare.com\/en\/wp-json\/wp\/v2\/pages"}],"about":[{"href":"https:\/\/platinumdentcare.com\/en\/wp-json\/wp\/v2\/types\/page"}],"author":[{"embeddable":true,"href":"https:\/\/platinumdentcare.com\/en\/wp-json\/wp\/v2\/users\/1"}],"replies":[{"embeddable":true,"href":"https:\/\/platinumdentcare.com\/en\/wp-json\/wp\/v2\/comments?post=56777"}],"version-history":[{"count":28,"href":"https:\/\/platinumdentcare.com\/en\/wp-json\/wp\/v2\/pages\/56777\/revisions"}],"predecessor-version":[{"id":57561,"href":"https:\/\/platinumdentcare.com\/en\/wp-json\/wp\/v2\/pages\/56777\/revisions\/57561"}],"wp:attachment":[{"href":"https:\/\/platinumdentcare.com\/en\/wp-json\/wp\/v2\/media?parent=56777"}],"curies":[{"name":"wp","href":"https:\/\/api.w.org\/{rel}","templated":true}]}}