{"id":57480,"date":"2026-03-17T03:31:13","date_gmt":"2026-03-17T03:31:13","guid":{"rendered":"https:\/\/platinumdentcare.com\/klachtenregeling\/"},"modified":"2026-03-18T12:58:16","modified_gmt":"2026-03-18T12:58:16","slug":"beschwerdeverfahren","status":"publish","type":"page","link":"https:\/\/platinumdentcare.com\/de\/beschwerdeverfahren\/","title":{"rendered":"Beschwerdeverfahren"},"content":{"rendered":"\t\t<div data-elementor-type=\"wp-page\" data-elementor-id=\"57480\" class=\"elementor elementor-57480\">\n\t\t\t\t<div class=\"elementor-element elementor-element-9d1a16a e-con-full e-flex e-con e-parent\" data-id=\"9d1a16a\" data-element_type=\"container\" data-e-type=\"container\" data-settings=\"{&quot;background_background&quot;:&quot;classic&quot;}\">\n\t\t<div class=\"elementor-element elementor-element-bc2c7b6 e-con-full e-flex e-con e-child\" data-id=\"bc2c7b6\" data-element_type=\"container\" data-e-type=\"container\">\n\t\t\t\t<\/div>\n\t\t\t\t<\/div>\n\t\t<div class=\"elementor-element elementor-element-206586b e-flex e-con-boxed e-con e-parent\" data-id=\"206586b\" data-element_type=\"container\" data-e-type=\"container\" data-settings=\"{&quot;background_background&quot;:&quot;classic&quot;}\">\n\t\t\t\t\t<div class=\"e-con-inner\">\n\t\t<div class=\"elementor-element elementor-element-2b88613 e-con-full e-flex e-con e-child\" data-id=\"2b88613\" data-element_type=\"container\" data-e-type=\"container\" data-settings=\"{&quot;background_background&quot;:&quot;classic&quot;}\">\n\t\t<div class=\"elementor-element elementor-element-dfbf16c e-con-full e-flex e-con e-child\" data-id=\"dfbf16c\" data-element_type=\"container\" data-e-type=\"container\">\n\t\t\t\t<div data-custom-animations=\"true\" data-ca-options=\"{&quot;addChildTimelines&quot;:false,&quot;trigger&quot;:&quot;firstChild&quot;,&quot;animationTarget&quot;:&quot;.lqd-split-lines .lqd-lines .split-inner, .lqd-adv-txt-fig&quot;,&quot;ease&quot;:[&quot;power4.out&quot;],&quot;initValues&quot;:{&quot;x&quot;:&quot;-20px&quot;,&quot;opacity&quot;:0,&quot;transformOrigin&quot;:&quot;50% 50% 0px&quot;},&quot;animations&quot;:{&quot;x&quot;:&quot;0px&quot;,&quot;opacity&quot;:1,&quot;transformOrigin&quot;:&quot;50% 50% 0px&quot;}}\" class=\"elementor-element elementor-element-3bb036c elementor-widget elementor-widget-hub_fancy_heading lqd-el-has-inner-anim\" data-id=\"3bb036c\" data-element_type=\"widget\" data-e-type=\"widget\" data-settings=\"{&quot;enable_split&quot;:&quot;true&quot;,&quot;split_type&quot;:&quot;lines&quot;}\" data-widget_type=\"hub_fancy_heading.default\">\n\t\t\t\t<div class=\"elementor-widget-container\">\n\t\t\t\t\t\n\t\t<div id=\"ld-fancy-heading-69fcd3efd4429\" class=\"ld-fancy-heading pos-rel\">\n\t\t\t<h2 class=\"ld-fh-element d-inline-block pos-rel  elementor-heading-title lqd-highlight-classic lqd-highlight-grow-left lqd-split-lines h2\"  data-split-text=\"true\" data-split-options='{\"type\":\"lines\"}'> Beschwerdeverfahren<\/h2>\t\t<\/div>\n\n\t\t\t\t\t\t<\/div>\n\t\t\t\t<\/div>\n\t\t\t\t<div class=\"elementor-element elementor-element-a63cf03 elementor-widget elementor-widget-hub_fancy_heading lqd-el-has-inner-anim\" data-id=\"a63cf03\" data-element_type=\"widget\" data-e-type=\"widget\" data-settings=\"{&quot;enable_split&quot;:&quot;true&quot;,&quot;split_type&quot;:&quot;lines&quot;}\" data-widget_type=\"hub_fancy_heading.default\">\n\t\t\t\t<div class=\"elementor-widget-container\">\n\t\t\t\t\t\n\t\t<div id=\"ld-fancy-heading-69fcd3efd4777\" class=\"ld-fancy-heading pos-rel\">\n\t\t\t<p class=\"ld-fh-element d-inline-block pos-rel  lqd-highlight-classic lqd-highlight-grow-left lqd-split-lines p\"  data-split-text=\"true\" data-split-options='{\"type\":\"lines\"}'> <b>Platinum Dental<\/b>\n<br><br>\nBei Platinum Dental sind wir bestrebt, Ihnen die bestm\u00f6gliche zahn\u00e4rztliche Versorgung in einer sicheren und professionellen Umgebung zu bieten. Die Zufriedenheit unserer Patienten steht f\u00fcr uns im Mittelpunkt. Dennoch kann es vorkommen, dass Sie mit einer Behandlung oder unserem Service nicht ganz zufrieden sind.\n<br><br>\nWir wissen es sehr zu sch\u00e4tzen, wenn Sie Ihre Beschwerde, Anmerkung oder Anregung zuerst mit uns besprechen. In vielen F\u00e4llen kann ein offenes und pers\u00f6nliches Gespr\u00e4ch etwaige Missverst\u00e4ndnisse kl\u00e4ren und gemeinsam zu einer passenden L\u00f6sung f\u00fchren. Ihr Feedback hilft uns zudem, unsere Pflege und unseren Service kontinuierlich zu verbessern.\n<br><br>\nSollte es wider Erwarten vorkommen, dass wir gemeinsam keine L\u00f6sung finden, k\u00f6nnen Sie ein unabh\u00e4ngiges Beschwerdeverfahren in Anspruch nehmen.\n<br><br>\nUnsere Praxis ist dem Klachtenportaal Zorg (KPZ) angeschlossen. Informationen zum Beschwerdeverfahren finden Sie unter:<br>\n<b>www.klachtenportaalzorg.nl<\/b>\n<br><br>\n<p><b>Unabh\u00e4ngige Beschwerdeabwicklung<\/b><br>\nWenn Sie die Beschwerde nicht mit uns besprechen m\u00f6chten oder k\u00f6nnen, oder wenn Sie dabei unabh\u00e4ngige Unterst\u00fctzung w\u00fcnschen, k\u00f6nnen Sie sich an das <b>Klachtenportaal Zorg<\/b> wenden. Klachtenportaal Zorg ist eine externe Organisation, der wir angeschlossen sind, um bei der L\u00f6sung von Unzufriedenheit und Beschwerden \u00fcber unsere Versorgung zu helfen.<\/p>\n\n<p>Sobald Sie Ihre Beschwerde oder Unzufriedenheit eingereicht haben, pr\u00fcft Klachtenportaal Zorg, ob diese die Bedingungen f\u00fcr eine Bearbeitung erf\u00fcllt und welches Verfahren angemessen ist. Wenn Informationen fehlen oder unklar sind, werden sie sich mit Ihnen in Verbindung setzen, um die Unterlagen zu vervollst\u00e4ndigen und sicherzustellen, dass das Beschwerdeverfahren ordnungsgem\u00e4\u00df eingeleitet wird.<\/p>\n\n<p><b>Beratung und Unterst\u00fctzung<\/b><br>\nW\u00fcnschen Sie eine Beratung zum Umgang mit einer Situation, mit der Sie unzufrieden sind? Auch dann k\u00f6nnen Sie sich an Klachtenportaal Zorg wenden. In diesem Fall leiten Sie noch kein formelles Verfahren ein.<\/p>\n\n<p><b>Wie k\u00f6nnen Sie Ihre Beschwerde einreichen?<\/b>\n<ul>\n  <li>\u00dcber das Beschwerdeformular auf der Website von Klachtenportaal Zorg.<\/li>\n  <li>Per E-Mail an: <b>info@klachtenportaalzorg.nl<\/b><\/li>\n<\/ul>\n<\/p>\n\n<p>Sie sind sich nicht sicher, welches Beschwerdeverfahren f\u00fcr Sie gilt? Auch dabei kann Klachtenportaal Zorg Ihnen helfen. Ziel bleibt jederzeit die L\u00f6sung von Unzufriedenheit und Beschwerden.<\/p><\/p>\t\t<\/div>\n\n\t\t\t\t\t\t<\/div>\n\t\t\t\t<\/div>\n\t\t\t\t<div class=\"elementor-element elementor-element-622345f elementor-tablet-align-center elementor-widget elementor-widget-ld_button\" data-id=\"622345f\" data-element_type=\"widget\" data-e-type=\"widget\" data-widget_type=\"ld_button.default\">\n\t\t\t\t<div class=\"elementor-widget-container\">\n\t\t\t\t\t\n\t\t\t<a\n\t\t\t\thref=\"https:\/\/klachtenportaalzorg.nl\/\" target=\"_blank\"class=\"elementor-button btn btn-solid btn-lg btn-icon-shaped btn-has-label\"\t\t\t>\n\t\t\t\t\t\t\t\t\t<span data-text=\"Weitere Informationen erhalten\" class=\"btn-txt\">\n\t\t\t\t\t\tWeitere Informationen erhalten\t\t\t\t\t<\/span>\n\t\t\t\t\t\t\t\t\t\t\t<\/a>\n\t\t\t\t\t\t\t<\/div>\n\t\t\t\t<\/div>\n\t\t\t\t<div class=\"elementor-element elementor-element-9fa6d6f elementor-widget elementor-widget-image\" data-id=\"9fa6d6f\" data-element_type=\"widget\" data-e-type=\"widget\" data-widget_type=\"image.default\">\n\t\t\t\t<div class=\"elementor-widget-container\">\n\t\t\t\t\t\t\t\t\t\t\t\t\t\t\t<img decoding=\"async\" width=\"600\" height=\"67\" src=\"https:\/\/platinumdentcare.com\/wp-content\/uploads\/2026\/03\/klachtenportaal.jpeg\" class=\"attachment-large size-large wp-image-57469\" alt=\"\" srcset=\"https:\/\/platinumdentcare.com\/wp-content\/uploads\/2026\/03\/klachtenportaal.jpeg 600w, https:\/\/platinumdentcare.com\/wp-content\/uploads\/2026\/03\/klachtenportaal-300x34.jpeg 300w\" sizes=\"(max-width: 600px) 100vw, 600px\" \/>\t\t\t\t\t\t\t\t\t\t\t\t\t\t\t<\/div>\n\t\t\t\t<\/div>\n\t\t\t\t<\/div>\n\t\t\t\t<\/div>\n\t\t\t\t\t<\/div>\n\t\t\t\t<\/div>\n\t\t\t\t<\/div>\n\t\t","protected":false},"excerpt":{"rendered":"<p>Beschwerdeverfahren Platinum Dental Bei Platinum Dental sind wir bestrebt, Ihnen die bestm\u00f6gliche zahn\u00e4rztliche Versorgung in einer sicheren und professionellen Umgebung zu bieten. Die Zufriedenheit unserer Patienten steht f\u00fcr uns im Mittelpunkt. Dennoch kann es vorkommen, dass Sie mit einer Behandlung oder unserem Service nicht ganz zufrieden sind. Wir wissen es sehr zu sch\u00e4tzen, wenn Sie [&hellip;]<\/p>\n","protected":false},"author":2,"featured_media":0,"parent":0,"menu_order":0,"comment_status":"closed","ping_status":"closed","template":"","meta":{"footnotes":""},"class_list":["post-57480","page","type-page","status-publish","hentry"],"_links":{"self":[{"href":"https:\/\/platinumdentcare.com\/de\/wp-json\/wp\/v2\/pages\/57480","targetHints":{"allow":["GET"]}}],"collection":[{"href":"https:\/\/platinumdentcare.com\/de\/wp-json\/wp\/v2\/pages"}],"about":[{"href":"https:\/\/platinumdentcare.com\/de\/wp-json\/wp\/v2\/types\/page"}],"author":[{"embeddable":true,"href":"https:\/\/platinumdentcare.com\/de\/wp-json\/wp\/v2\/users\/2"}],"replies":[{"embeddable":true,"href":"https:\/\/platinumdentcare.com\/de\/wp-json\/wp\/v2\/comments?post=57480"}],"version-history":[{"count":7,"href":"https:\/\/platinumdentcare.com\/de\/wp-json\/wp\/v2\/pages\/57480\/revisions"}],"predecessor-version":[{"id":57515,"href":"https:\/\/platinumdentcare.com\/de\/wp-json\/wp\/v2\/pages\/57480\/revisions\/57515"}],"wp:attachment":[{"href":"https:\/\/platinumdentcare.com\/de\/wp-json\/wp\/v2\/media?parent=57480"}],"curies":[{"name":"wp","href":"https:\/\/api.w.org\/{rel}","templated":true}]}}