{"id":56612,"date":"2023-10-01T08:39:19","date_gmt":"2023-10-01T08:39:19","guid":{"rendered":"https:\/\/platinumdentcare.com\/hakkimizda\/"},"modified":"2025-12-09T06:43:17","modified_gmt":"2025-12-09T06:43:17","slug":"ueber-uns","status":"publish","type":"page","link":"https:\/\/platinumdentcare.com\/de\/ueber-uns\/","title":{"rendered":"\u00dcBER UNS"},"content":{"rendered":"\t\t<div data-elementor-type=\"wp-page\" data-elementor-id=\"56612\" class=\"elementor elementor-56612\">\n\t\t\t\t<div class=\"elementor-element elementor-element-9d1a16a e-con-full e-flex e-con e-parent\" data-id=\"9d1a16a\" data-element_type=\"container\" data-e-type=\"container\" data-settings=\"{&quot;background_background&quot;:&quot;classic&quot;}\">\n\t\t<div class=\"elementor-element elementor-element-bc2c7b6 e-con-full e-flex e-con e-child\" data-id=\"bc2c7b6\" data-element_type=\"container\" data-e-type=\"container\">\n\t\t\t\t<\/div>\n\t\t\t\t<\/div>\n\t\t<div class=\"elementor-element elementor-element-206586b e-flex e-con-boxed e-con e-parent\" data-id=\"206586b\" data-element_type=\"container\" data-e-type=\"container\" data-settings=\"{&quot;background_background&quot;:&quot;classic&quot;}\">\n\t\t\t\t\t<div class=\"e-con-inner\">\n\t\t<div class=\"elementor-element elementor-element-78b32a3 e-con-full e-flex e-con e-child\" data-id=\"78b32a3\" data-element_type=\"container\" data-e-type=\"container\" data-settings=\"{&quot;background_background&quot;:&quot;classic&quot;}\">\n\t\t<div class=\"elementor-element elementor-element-136d0e3 e-con-full e-flex e-con e-child\" data-id=\"136d0e3\" data-element_type=\"container\" data-e-type=\"container\">\n\t\t\t\t<div class=\"elementor-element elementor-element-3a5550a elementor-widget elementor-widget-html\" data-id=\"3a5550a\" data-element_type=\"widget\" data-e-type=\"widget\" data-widget_type=\"html.default\">\n\t\t\t\t<div class=\"elementor-widget-container\">\n\t\t\t\t\t<video\r\n  src=\"https:\/\/platinumdentcare.com\/wp-content\/uploads\/2025\/12\/Every-Hollywood-smile-is-unique.-It-is-designed-to-complement-your-face-personality-and-lifest.mp4\"\r\n  autoplay\r\n  muted\r\n  loop\r\n  playsinline\r\n  style=\"width:100%; height:700px; border-radius:12px; display:block;\"\r\n><\/video>\r\n\t\t\t\t<\/div>\n\t\t\t\t<\/div>\n\t\t\t\t<\/div>\n\t\t<div class=\"elementor-element elementor-element-0b2c984 e-con-full e-flex e-con e-child\" data-id=\"0b2c984\" data-element_type=\"container\" data-e-type=\"container\">\n\t\t\t\t<div data-custom-animations=\"true\" data-ca-options=\"{&quot;addChildTimelines&quot;:false,&quot;trigger&quot;:&quot;firstChild&quot;,&quot;animationTarget&quot;:&quot;.lqd-split-chars .lqd-chars .split-inner, .lqd-adv-txt-fig&quot;,&quot;duration&quot;:500,&quot;delay&quot;:50,&quot;ease&quot;:[&quot;power4.out&quot;],&quot;initValues&quot;:{&quot;x&quot;:&quot;20px&quot;,&quot;rotationX&quot;:10,&quot;opacity&quot;:0,&quot;transformOrigin&quot;:&quot;50% 50% 0px&quot;},&quot;animations&quot;:{&quot;x&quot;:&quot;0px&quot;,&quot;rotationX&quot;:0,&quot;opacity&quot;:1,&quot;transformOrigin&quot;:&quot;50% 50% 0px&quot;}}\" class=\"elementor-element elementor-element-3944c61 elementor-widget elementor-widget-hub_fancy_heading lqd-el-has-inner-anim\" data-id=\"3944c61\" data-element_type=\"widget\" data-e-type=\"widget\" data-settings=\"{&quot;enable_split&quot;:&quot;true&quot;,&quot;split_type&quot;:&quot;chars, words&quot;}\" data-widget_type=\"hub_fancy_heading.default\">\n\t\t\t\t<div class=\"elementor-widget-container\">\n\t\t\t\t\t\n\t\t<div id=\"ld-fancy-heading-69fcd4098cb72\" class=\"ld-fancy-heading pos-rel\">\n\t\t\t<h6 class=\"ld-fh-element d-inline-block pos-rel  elementor-heading-title lqd-highlight-classic lqd-highlight-grow-left lqd-split-chars h6\"  data-split-text=\"true\" data-split-options='{\"type\":\"chars, words\"}'> PLATINUM DENTAL<\/h6>\t\t<\/div>\n\n\t\t\t\t\t\t<\/div>\n\t\t\t\t<\/div>\n\t\t\t\t<div data-custom-animations=\"true\" data-ca-options=\"{&quot;addChildTimelines&quot;:false,&quot;trigger&quot;:&quot;firstChild&quot;,&quot;animationTarget&quot;:&quot;.lqd-split-lines .lqd-lines .split-inner, .lqd-adv-txt-fig&quot;,&quot;ease&quot;:[&quot;power4.out&quot;],&quot;initValues&quot;:{&quot;x&quot;:&quot;-20px&quot;,&quot;opacity&quot;:0,&quot;transformOrigin&quot;:&quot;50% 50% 0px&quot;},&quot;animations&quot;:{&quot;x&quot;:&quot;0px&quot;,&quot;opacity&quot;:1,&quot;transformOrigin&quot;:&quot;50% 50% 0px&quot;}}\" class=\"elementor-element elementor-element-245e402 elementor-widget elementor-widget-hub_fancy_heading lqd-el-has-inner-anim\" data-id=\"245e402\" data-element_type=\"widget\" data-e-type=\"widget\" data-settings=\"{&quot;enable_split&quot;:&quot;true&quot;,&quot;split_type&quot;:&quot;lines&quot;}\" data-widget_type=\"hub_fancy_heading.default\">\n\t\t\t\t<div class=\"elementor-widget-container\">\n\t\t\t\t\t\n\t\t<div id=\"ld-fancy-heading-69fcd4098ced0\" class=\"ld-fancy-heading pos-rel\">\n\t\t\t<h2 class=\"ld-fh-element d-inline-block pos-rel  elementor-heading-title lqd-highlight-classic lqd-highlight-grow-left lqd-split-lines h2\"  data-split-text=\"true\" data-split-options='{\"type\":\"lines\"}'> \u00dcBER UNS<\/h2>\t\t<\/div>\n\n\t\t\t\t\t\t<\/div>\n\t\t\t\t<\/div>\n\t\t\t\t<div class=\"elementor-element elementor-element-ced6ffa elementor-widget elementor-widget-hub_fancy_heading lqd-el-has-inner-anim\" data-id=\"ced6ffa\" data-element_type=\"widget\" data-e-type=\"widget\" data-settings=\"{&quot;enable_split&quot;:&quot;true&quot;,&quot;split_type&quot;:&quot;lines&quot;}\" data-widget_type=\"hub_fancy_heading.default\">\n\t\t\t\t<div class=\"elementor-widget-container\">\n\t\t\t\t\t\n\t\t<div id=\"ld-fancy-heading-69fcd4098d145\" class=\"ld-fancy-heading pos-rel\">\n\t\t\t<p class=\"ld-fh-element d-inline-block pos-rel  lqd-highlight-classic lqd-highlight-grow-left lqd-split-lines p\"  data-split-text=\"true\" data-split-options='{\"type\":\"lines\"}'> Die Platinum Dental Clinic bietet ihren Patienten Behandlungen durch spezialisierte und erfahrene \u00c4rzte in allen Bereichen an, insbesondere in der \u00e4sthetischen Zahnmedizin und beim Zahnersatz. Unsere Leidenschaft ist es, die fortschrittlichste Technologie zum Schutz und zur Behandlung der Mund- und Zahngesundheit einzusetzen und einen Boutique-Klinikservice auf internationalem Niveau zu bieten.<\/p>\t\t<\/div>\n\n\t\t\t\t\t\t<\/div>\n\t\t\t\t<\/div>\n\t\t\t\t<div class=\"elementor-element elementor-element-c4af5a5 elementor-tablet-align-center elementor-widget elementor-widget-ld_button\" data-id=\"c4af5a5\" data-element_type=\"widget\" data-e-type=\"widget\" data-widget_type=\"ld_button.default\">\n\t\t\t\t<div class=\"elementor-widget-container\">\n\t\t\t\t\t\n\t\t\t<a\n\t\t\t\thref=\"https:\/\/api.whatsapp.com\/send\/?phone=+31611791999&#038;text=\" target=\"_blank\"class=\"elementor-button btn btn-solid btn-lg btn-icon-shaped btn-has-label\"\t\t\t>\n\t\t\t\t\t\t\t\t\t<span data-text=\"dAHA FAZLA B\u0130LG\u0130 AL\" class=\"btn-txt\">\n\t\t\t\t\t\tdAHA FAZLA B\u0130LG\u0130 AL\t\t\t\t\t<\/span>\n\t\t\t\t\t\t\t\t\t\t\t<\/a>\n\t\t\t\t\t\t\t<\/div>\n\t\t\t\t<\/div>\n\t\t\t\t<\/div>\n\t\t\t\t<\/div>\n\t\t\t\t\t<\/div>\n\t\t\t\t<\/div>\n\t\t\t\t<\/div>\n\t\t","protected":false},"excerpt":{"rendered":"<p>PLATINUM DENTAL \u00dcBER UNS Die Platinum Dental Clinic bietet ihren Patienten Behandlungen durch spezialisierte und erfahrene \u00c4rzte in allen Bereichen an, insbesondere in der \u00e4sthetischen Zahnmedizin und beim Zahnersatz. Unsere Leidenschaft ist es, die fortschrittlichste Technologie zum Schutz und zur Behandlung der Mund- und Zahngesundheit einzusetzen und einen Boutique-Klinikservice auf internationalem Niveau zu bieten. dAHA [&hellip;]<\/p>\n","protected":false},"author":1,"featured_media":0,"parent":0,"menu_order":0,"comment_status":"closed","ping_status":"closed","template":"","meta":{"footnotes":""},"class_list":["post-56612","page","type-page","status-publish","hentry"],"_links":{"self":[{"href":"https:\/\/platinumdentcare.com\/de\/wp-json\/wp\/v2\/pages\/56612","targetHints":{"allow":["GET"]}}],"collection":[{"href":"https:\/\/platinumdentcare.com\/de\/wp-json\/wp\/v2\/pages"}],"about":[{"href":"https:\/\/platinumdentcare.com\/de\/wp-json\/wp\/v2\/types\/page"}],"author":[{"embeddable":true,"href":"https:\/\/platinumdentcare.com\/de\/wp-json\/wp\/v2\/users\/1"}],"replies":[{"embeddable":true,"href":"https:\/\/platinumdentcare.com\/de\/wp-json\/wp\/v2\/comments?post=56612"}],"version-history":[{"count":13,"href":"https:\/\/platinumdentcare.com\/de\/wp-json\/wp\/v2\/pages\/56612\/revisions"}],"predecessor-version":[{"id":57302,"href":"https:\/\/platinumdentcare.com\/de\/wp-json\/wp\/v2\/pages\/56612\/revisions\/57302"}],"wp:attachment":[{"href":"https:\/\/platinumdentcare.com\/de\/wp-json\/wp\/v2\/media?parent=56612"}],"curies":[{"name":"wp","href":"https:\/\/api.w.org\/{rel}","templated":true}]}}